{"id":496,"date":"2024-01-16T09:46:19","date_gmt":"2024-01-16T08:46:19","guid":{"rendered":"https:\/\/www.dansigurnijeginterneta.org\/?page_id=496"},"modified":"2026-01-30T13:33:47","modified_gmt":"2026-01-30T12:33:47","slug":"prijava","status":"publish","type":"page","link":"https:\/\/www.dansigurnijeginterneta.org\/index.php\/prijava\/","title":{"rendered":"Prijava"},"content":{"rendered":"\n<h3 class=\"wp-block-heading\"><strong>Prijave za sudjelovanje u Danu sigurnijeg interneta su otvorene<\/strong><\/h3>\n\n\n\n<figure class=\"wp-block-image size-large\"><img loading=\"lazy\" decoding=\"async\" width=\"1024\" height=\"474\" src=\"https:\/\/www.dansigurnijeginterneta.org\/wp-content\/uploads\/2026\/01\/Dsi-2026-web-vizuali-prijave-su-otvorene-1024x474.png\" alt=\"\" class=\"wp-image-704\" srcset=\"https:\/\/www.dansigurnijeginterneta.org\/wp-content\/uploads\/2026\/01\/Dsi-2026-web-vizuali-prijave-su-otvorene-1024x474.png 1024w, https:\/\/www.dansigurnijeginterneta.org\/wp-content\/uploads\/2026\/01\/Dsi-2026-web-vizuali-prijave-su-otvorene-300x139.png 300w, https:\/\/www.dansigurnijeginterneta.org\/wp-content\/uploads\/2026\/01\/Dsi-2026-web-vizuali-prijave-su-otvorene-768x355.png 768w, https:\/\/www.dansigurnijeginterneta.org\/wp-content\/uploads\/2026\/01\/Dsi-2026-web-vizuali-prijave-su-otvorene-1536x710.png 1536w, https:\/\/www.dansigurnijeginterneta.org\/wp-content\/uploads\/2026\/01\/Dsi-2026-web-vizuali-prijave-su-otvorene-2048x947.png 2048w\" sizes=\"auto, (max-width: 1024px) 100vw, 1024px\" \/><\/figure>\n\n\n\n<p><strong>Pro\u0161le je godine preko 21 000 djece i mladih sudjelovalo u ovoj aktivnosti<\/strong>, a <strong>radionice su provedene preko 900 puta<\/strong>.&nbsp; Sudjelujmo i ove godine u \u0161to ve\u0107em broju i poka\u017eimo da zajedni\u0161tvom dolazimo do rezultata.<\/p>\n\n\n\n<p><strong>Prijave za sudjelovanje u zajedni\u010dkom obilje\u017eavanju Dana sigurnijeg interneta 10. velja\u010de 2026. godine su, zato, otvorene!<\/strong> Pridru\u017eite nam se na Danu sigurnijeg interneta i u\u010dinimo internet boljim mjestom za sve nas.<\/p>\n\n\n\n<p>Pozivamo sve zainteresirane \u0161kole, organizacije i institucije koje rade s djecom i mladima da provedu radionice koje smo vam pripremili.&nbsp;<\/p>\n\n\n\n<p>Nakon ispunjavanja ove prijave na mail koji ste naveli primit \u0107ete kopiju svojih odgovora zajedno s poveznicom za preuzimanje&nbsp;<strong>besplatnog edukativnog materijala<\/strong>, tj. pripreme radionica ovisno o uzrastu (pred\u0161kolski, 1-4. razred O\u0160, 5.-8. razred O\u0160, 1.-4. razred S\u0160).<\/p>\n\n\n\n<p>Teme koje se ove godine prote\u017eu kroz radionice su povezivanje emocionalne i digitalne pismenosti, s naglaskom na prepoznavanje znakova neprimjerenog sadr\u017eaja online.<\/p>\n\n\n\n<p>Mogu\u0107e su prijave vi\u0161e stru\u010dnjaka iz iste \u0161kole, organizacije i institucije. Svakom prijavljenom se po ispunjavanju prijavnog obrasca otvara pristup besplatnom edukativnom materijalu.&nbsp;<\/p>\n\n\n\n<p><strong>Kako se prijaviti?<\/strong><\/p>\n\n\n\n<p>Prijavom za sudjelovanje putem&nbsp;<a href=\"https:\/\/bit.ly\/4t0wP1q\"><strong>LINKA<\/strong>&nbsp;<\/a>si otvarate pristup besplatnom edukativnom materijalu, tj. pripremama radionica za odre\u0111eni uzrast. Nakon provedbe pripremljenih radionica, poti\u010demo vas da nas izvijestite o u\u010dinjenom kroz ispunjavanje&nbsp;<a href=\"https:\/\/bit.ly\/4jYt6NP\"><strong>OBRASCA<\/strong><\/a><strong>.<\/strong><\/p>\n\n\n\n<p>Nakon ispunjavanja ovog obrasca bit \u0107e vam dostupna potvrda sudjelovanja u aktivnosti odr\u017eavanja radionica.<\/p>\n\n\n\n<p>Prijaviti se mo\u017eete do 27. velja\u010de 2026. godine do 23:59, a radionice mo\u017eete provoditi kroz cijelu velja\u010du \u2013 mjesec sigurnijeg interneta.<\/p>\n\n\n\n<p>U\u010dinimo zajedno Internet boljim mjestom za sve nas.<\/p>\n\n\n\n<p><\/p>\n","protected":false},"excerpt":{"rendered":"<p>Prijave za sudjelovanje u Danu sigurnijeg interneta su otvorene Pro\u0161le je godine preko 21 000 djece i mladih sudjelovalo u ovoj aktivnosti, a radionice su provedene preko 900 puta.&nbsp; Sudjelujmo i ove godine u \u0161to ve\u0107em broju i poka\u017eimo da zajedni\u0161tvom dolazimo do rezultata. Prijave za sudjelovanje u zajedni\u010dkom obilje\u017eavanju Dana sigurnijeg interneta 10. velja\u010de &#8230; <a title=\"Prijava\" class=\"read-more\" href=\"https:\/\/www.dansigurnijeginterneta.org\/index.php\/prijava\/\">Read more<\/a><\/p>\n","protected":false},"author":1,"featured_media":682,"parent":0,"menu_order":0,"comment_status":"closed","ping_status":"closed","template":"","meta":{"footnotes":""},"class_list":["post-496","page","type-page","status-publish","has-post-thumbnail"],"_links":{"self":[{"href":"https:\/\/www.dansigurnijeginterneta.org\/index.php\/wp-json\/wp\/v2\/pages\/496","targetHints":{"allow":["GET"]}}],"collection":[{"href":"https:\/\/www.dansigurnijeginterneta.org\/index.php\/wp-json\/wp\/v2\/pages"}],"about":[{"href":"https:\/\/www.dansigurnijeginterneta.org\/index.php\/wp-json\/wp\/v2\/types\/page"}],"author":[{"embeddable":true,"href":"https:\/\/www.dansigurnijeginterneta.org\/index.php\/wp-json\/wp\/v2\/users\/1"}],"replies":[{"embeddable":true,"href":"https:\/\/www.dansigurnijeginterneta.org\/index.php\/wp-json\/wp\/v2\/comments?post=496"}],"version-history":[{"count":9,"href":"https:\/\/www.dansigurnijeginterneta.org\/index.php\/wp-json\/wp\/v2\/pages\/496\/revisions"}],"predecessor-version":[{"id":709,"href":"https:\/\/www.dansigurnijeginterneta.org\/index.php\/wp-json\/wp\/v2\/pages\/496\/revisions\/709"}],"wp:featuredmedia":[{"embeddable":true,"href":"https:\/\/www.dansigurnijeginterneta.org\/index.php\/wp-json\/wp\/v2\/media\/682"}],"wp:attachment":[{"href":"https:\/\/www.dansigurnijeginterneta.org\/index.php\/wp-json\/wp\/v2\/media?parent=496"}],"curies":[{"name":"wp","href":"https:\/\/api.w.org\/{rel}","templated":true}]}}