{"id":384,"date":"2023-01-26T16:28:40","date_gmt":"2023-01-26T15:28:40","guid":{"rendered":"https:\/\/www.dansigurnijeginterneta.org\/?page_id=384"},"modified":"2023-02-06T11:52:24","modified_gmt":"2023-02-06T10:52:24","slug":"program-dana-sigurnijeg-interneta-2023","status":"publish","type":"page","link":"https:\/\/www.dansigurnijeginterneta.org\/index.php\/program-dana-sigurnijeg-interneta-2023\/","title":{"rendered":"Program Dana sigurnijeg interneta 2023"},"content":{"rendered":"\n<p>Ove godine Centar za sigurniji Internet priprema brojne aktivnosti za sve vas!<\/p>\n\n\n\n<p><strong>AKTIVNOSTI DOSTUPNE TIJEKOM CIJELOG DANA:<\/strong><\/p>\n\n\n\n<ul class=\"wp-block-list\">\n<li><strong>ONLINE KVIZ ZA DJECU<\/strong><\/li>\n<\/ul>\n\n\n\n<p>7. velja\u010de 2023. godine \u2013 tijekom cijelog dana \u2013\u00a0<strong><a href=\"https:\/\/www.dansigurnijeginterneta.org\/kvizHR\/\">LINK<\/a><\/strong><\/p>\n\n\n\n<ul class=\"wp-block-list\">\n<li><strong>PODCAST ZA RODITELJE<\/strong><\/li>\n<\/ul>\n\n\n\n<p><strong>Tema&nbsp;<\/strong>podcasta je dijeljenje fotografija i videozapisa djece na dru\u0161tvenim mre\u017eama. Gost podcasta je roditelj \u2013 &nbsp;javna osoba.<\/p>\n\n\n\n<p>Dostupan od 7. velja\u010de 2023. godine na YouTube kanalu Centra za sigurniji Internet &#8211; <a href=\"https:\/\/www.youtube.com\/@centarzasigurnijiinternet3001\/featured\">https:\/\/www.youtube.com\/@centarzasigurnijiinternet3001\/featured<\/a><\/p>\n\n\n\n<hr class=\"wp-block-separator has-alpha-channel-opacity is-style-wide\"\/>\n\n\n\n<h3 class=\"wp-block-heading\"><strong>PROGRAM GLAVNOG DOGA\u0110AJA<\/strong><\/h3>\n\n\n\n<p><strong>PANEL RASPRAVA<\/strong><\/p>\n\n\n\n<div class=\"wp-block-group is-vertical is-layout-flex wp-container-core-group-is-layout-8cf370e7 wp-block-group-is-layout-flex\">\n<p>Vrijeme: 10:00 &#8211; 10:45 sati<\/p>\n\n\n\n<p>Izravan prijenos putem CSI.hr YouTube kanala (<a href=\"https:\/\/www.youtube.com\/@centarzasigurnijiinternet3001\">https:\/\/www.youtube.com\/@centarzasigurnijiinternet3001<\/a> ).<\/p>\n\n\n\n<p>Mogu\u0107e izravno pra\u0107enje. Prijava nije potrebna.<\/p>\n\n\n\n<p>Panelisti:<\/p>\n\n\n\n<p>\u2022&nbsp;&nbsp;&nbsp;&nbsp;&nbsp;&nbsp;&nbsp;&nbsp; Helenca Pirnat Dragi\u010devi\u0107, pravobraniteljica za djecu<\/p>\n\n\n\n<p>\u2022&nbsp;&nbsp;&nbsp;&nbsp;&nbsp;&nbsp;&nbsp;&nbsp; Miran Gosta, ravnatelj Hrvatske regulatorne agencije za mre\u017ene djelatnosti (HAKOM)<\/p>\n\n\n\n<p>\u2022&nbsp;&nbsp;&nbsp;&nbsp;&nbsp;&nbsp;&nbsp;&nbsp; Sandra Veber, voditeljica Slu\u017ebe prevencije, Ministarstvo unutarnjih poslova<\/p>\n\n\n\n<p>\u2022&nbsp;&nbsp;&nbsp;&nbsp;&nbsp;&nbsp;&nbsp;&nbsp; Tja\u0161a Jurakovi\u0107 Antoli\u0107, stru\u010dni suradnik pedagog Osnovne \u0161kole Sredi\u0161\u0107e<\/p>\n\n\n\n<p>\u2022&nbsp;&nbsp;&nbsp;&nbsp;&nbsp;&nbsp;&nbsp;&nbsp; Domagoj Jakopovi\u0107 Ribafish, novinar i profesor geologije<\/p>\n\n\n\n<p>Moderator: Ana Veo\u010di\u0107, Centar za sigurniji internet<\/p>\n<\/div>\n\n\n\n<p><strong>STRU\u010cNI SKUP (Online i u\u017eivo)<\/strong><\/p>\n\n\n\n<p><strong>Vrijeme: 11:30 \u2013 13:00 sati<\/strong><\/p>\n\n\n\n<p>Izravni prijenos putem&nbsp;<strong>Zoom platforme<\/strong>&nbsp;(prijaviti se mo\u017eete putem slijede\u0107eg <a href=\"https:\/\/us06web.zoom.us\/webinar\/register\/WN_Y8Q3cErEQhW34btQCO9rjA\">LINKA<\/a>). Snimka \u0107e biti trajno dostupna na YouTube kanalu Centra za sigurniji internet.<\/p>\n\n\n\n<p>Stru\u010dni skup bit \u0107e bodovan od strane nadle\u017enih komora.<\/p>\n\n\n\n<figure class=\"wp-block-table is-style-regular\"><table><tbody><tr><td><strong>11:00 &#8211; 11:50<\/strong>  <\/td><td><strong><em>Izazovi na dru\u0161tvenim mre\u017eama &#8211; zabava i\/ili rizik?<\/em><\/strong><br>izv. prof. dr. sc. Linda Rajhvajn Bulat, Pravni fakultet Zagreb, Studijski centar socijalnog rada&nbsp;<\/td><\/tr><tr><td><strong>11:50 &#8211; 12:10<\/strong><\/td><td><em><strong>Digitalna dobrobit i uloga stru\u010dnjaka u osnovnim \u0161kolama&nbsp;<\/strong><\/em><br>izv. prof. dr. sc. Lucija Vejmelka, Pravni fakultet Zagreb, Studijski centar socijalnog rada&nbsp;<\/td><\/tr><tr><td><strong>12:10 &#8211; 12:30<\/strong><\/td><td><em><strong>Utjecaj AI tehnologija na sigurnost djece na internetu<\/strong><\/em><br>Zlatan Mori\u0107, voditelj Katedre za kiberneti\u010dku sigurnost, Visoko u\u010dili\u0161te Algebra<\/td><\/tr><tr><td><strong>12:30 &#8211; 12:50<\/strong><\/td><td><strong><em>Nacionalni CERT 15 godina u za\u0161titi kiberneti\u010dkog prostora Republike Hrvatske&nbsp;<\/em><\/strong><br>Marina Dimi\u0107 Vugec, Voditeljica Slu\u017ebe za podizanje svijesti i savjetovanje o sigurnosnim politikama<br>Odjel za Nacionalni CERT, Hrvatska akademska i istra\u017eiva\u010dka mre\u017ea &#8211; CARNET<\/td><\/tr><tr><td><strong>12:50 &#8211; 13:00<\/strong><\/td><td>Rasprava i zaklju\u010dci<\/td><\/tr><\/tbody><\/table><\/figure>\n\n\n\n<p><\/p>\n\n\n\n<h3 class=\"wp-block-heading\"><strong>RADIONICE ZA DJECU OSNOVNIH \u0160KOLA S INFLUENCERIMA<\/strong><\/h3>\n\n\n\n<p>Izravan prijenos putem CSI.hr YouTube kanala (<a href=\"https:\/\/www.youtube.com\/@centarzasigurnijiinternet3001\">https:\/\/www.youtube.com\/@centarzasigurnijiinternet3001<\/a>).<\/p>\n\n\n\n<p>Mogu\u0107e izravno pra\u0107enje na kanalu svima koji \u017eele. Prijava nije potrebna.<\/p>\n\n\n\n<p>Snimka radionica \u0107e biti trajno dostupna na YouTube kanalu Centra za sigurniji internet.<\/p>\n\n\n\n<hr class=\"wp-block-separator has-alpha-channel-opacity is-style-wide\"\/>\n\n\n\n<p><strong>Radionica za u\u010denike 1. \u2013 4. razreda&nbsp;<\/strong><\/p>\n\n\n\n<p><strong>Tema: <em>Online igre \u2013 Kakvu igru igramo? <\/em>&nbsp;<\/strong><\/p>\n\n\n\n<p><strong>Influencer: Lavvek<\/strong><\/p>\n\n\n\n<p>Vrijeme: 11:30 \u2013 12:10 sati<\/p>\n\n\n\n<p>Voditelj radionice: Martina Nikoli\u0107, Centar za sigurniji internet<\/p>\n\n\n\n<hr class=\"wp-block-separator has-alpha-channel-opacity is-style-wide\"\/>\n\n\n\n<p>Radionica za u\u010denike 5. &#8211; 8. razreda<\/p>\n\n\n\n<p><strong>Tema: <em>Online izazovi &#8211; Koliko je tanka granica izme\u0111u zabave i opasnosti?<\/em><\/strong><\/p>\n\n\n\n<p><strong>Influencer: Ribafish&nbsp;<\/strong><\/p>\n\n\n\n<p>Vrijeme: 12:20 \u2013 13:00 sati &nbsp;<\/p>\n\n\n\n<p>Voditelj radionice: Marijana Hinek, Centar za sigurniji internet<\/p>\n","protected":false},"excerpt":{"rendered":"<p>Ove godine Centar za sigurniji Internet priprema brojne aktivnosti za sve vas! AKTIVNOSTI DOSTUPNE TIJEKOM CIJELOG DANA: 7. velja\u010de 2023. godine \u2013 tijekom cijelog dana \u2013\u00a0LINK Tema&nbsp;podcasta je dijeljenje fotografija i videozapisa djece na dru\u0161tvenim mre\u017eama. Gost podcasta je roditelj \u2013 &nbsp;javna osoba. Dostupan od 7. velja\u010de 2023. godine na YouTube kanalu Centra za sigurniji &#8230; <a title=\"Program Dana sigurnijeg interneta 2023\" class=\"read-more\" href=\"https:\/\/www.dansigurnijeginterneta.org\/index.php\/program-dana-sigurnijeg-interneta-2023\/\">Read more<\/a><\/p>\n","protected":false},"author":1,"featured_media":33,"parent":0,"menu_order":0,"comment_status":"closed","ping_status":"closed","template":"","meta":{"footnotes":""},"class_list":["post-384","page","type-page","status-publish","has-post-thumbnail"],"_links":{"self":[{"href":"https:\/\/www.dansigurnijeginterneta.org\/index.php\/wp-json\/wp\/v2\/pages\/384","targetHints":{"allow":["GET"]}}],"collection":[{"href":"https:\/\/www.dansigurnijeginterneta.org\/index.php\/wp-json\/wp\/v2\/pages"}],"about":[{"href":"https:\/\/www.dansigurnijeginterneta.org\/index.php\/wp-json\/wp\/v2\/types\/page"}],"author":[{"embeddable":true,"href":"https:\/\/www.dansigurnijeginterneta.org\/index.php\/wp-json\/wp\/v2\/users\/1"}],"replies":[{"embeddable":true,"href":"https:\/\/www.dansigurnijeginterneta.org\/index.php\/wp-json\/wp\/v2\/comments?post=384"}],"version-history":[{"count":9,"href":"https:\/\/www.dansigurnijeginterneta.org\/index.php\/wp-json\/wp\/v2\/pages\/384\/revisions"}],"predecessor-version":[{"id":434,"href":"https:\/\/www.dansigurnijeginterneta.org\/index.php\/wp-json\/wp\/v2\/pages\/384\/revisions\/434"}],"wp:featuredmedia":[{"embeddable":true,"href":"https:\/\/www.dansigurnijeginterneta.org\/index.php\/wp-json\/wp\/v2\/media\/33"}],"wp:attachment":[{"href":"https:\/\/www.dansigurnijeginterneta.org\/index.php\/wp-json\/wp\/v2\/media?parent=384"}],"curies":[{"name":"wp","href":"https:\/\/api.w.org\/{rel}","templated":true}]}}