{"id":367,"date":"2022-04-01T15:52:20","date_gmt":"2022-04-01T13:52:20","guid":{"rendered":"https:\/\/www.dansigurnijeginterneta.org\/?page_id=367"},"modified":"2023-01-26T16:39:12","modified_gmt":"2023-01-26T15:39:12","slug":"pregled-odrzanih-aktivnosti-dsi-2022","status":"publish","type":"page","link":"https:\/\/www.dansigurnijeginterneta.org\/index.php\/pregled-odrzanih-aktivnosti-dsi-2022\/","title":{"rendered":"Pregled odr\u017eanih aktivnosti DSI 2022"},"content":{"rendered":"\n<p>U sklopu Dana sigurnijeg interneta 2022. godine u dugu slogana \u201eZajedno za bolji internet\u201c organizirane su brojne aktivnosti, a sada vam donosimo pregled svih odr\u017eanih s poveznicama na kojima mo\u017eete prona\u0107i njihove snimke!<\/p>\n\n\n\n<ul class=\"wp-block-list\">\n<li>Konferencija za medije, predstavljanje preliminarnih rezultata deSHAME istra\u017eivanja u Hrvatskoj i panel rasprava s influencerima (PVT mole, Andrea Pacadi, Davorin \u0160mit \u2013 Arch)<\/li>\n<\/ul>\n\n\n\n<p><a href=\"https:\/\/www.youtube.com\/watch?v=TJxpp1I%20qg8&amp;t=3958s&amp;ab_channel=Centarzasigurnijiinternet\">https:\/\/www.youtube.com\/watch?v=TJxpp1I qg8&amp;t=3958s&amp;ab_channel=Centarzasigurnijiinternet<\/a><\/p>\n\n\n\n<ul class=\"wp-block-list\">\n<li>ZOOM Webinar za stru\u010dnjake \u201eUloga stru\u010dnjaka u podru\u010dju rizi\u010dnih pona\u0161anja djece i mladih na internetu\u201c<\/li>\n<\/ul>\n\n\n\n<p>Izlaga\u010di:<\/p>\n\n\n\n<p>\u2013 Tomislav Ramljak, predsjednik Centra za nestalu i zlostavljanu djecu<\/p>\n\n\n\n<p>\u2013 doc.dr.sc. Lucija Vejmelka, Studijski centar socijalnog rada<\/p>\n\n\n\n<p>\u2013 Roberta Matkovi\u0107, prof., Nastavni zavod za javno zdravstvo Splitsko-dalmatinske \u017eupanije<\/p>\n\n\n\n<p>\u2013 Vanja \u0160oki\u0107, mag. psych., Centar za nestalu i zlostavljanu djecu<\/p>\n\n\n\n<figure class=\"wp-block-embed is-type-video is-provider-youtube wp-block-embed-youtube wp-embed-aspect-16-9 wp-has-aspect-ratio\"><div class=\"wp-block-embed__wrapper\">\n<iframe loading=\"lazy\" title=\"Uloga stru\u010dnjaka u podru\u010dju rizi\u010dnih pona\u0161anja djece i mladih na internetu\u201c\" width=\"1200\" height=\"675\" src=\"https:\/\/www.youtube.com\/embed\/xtS0ST5vAYQ?start=1440&#038;feature=oembed\" frameborder=\"0\" allow=\"accelerometer; autoplay; clipboard-write; encrypted-media; gyroscope; picture-in-picture\" allowfullscreen><\/iframe>\n<\/div><\/figure>\n\n\n\n<ul class=\"wp-block-list\">\n<li>Kratki webinari koje su snimili stru\u010dnjaci iz Centra za sigurniji Internet na aktualne teme:\n<ul class=\"wp-block-list\">\n<li>Seksting <a href=\"https:\/\/www.youtube.com\/watch?v=OAC6MlRsjt8&amp;t=1s&amp;ab_channel=Centarzanestaluizlostavljanudjecu\">https:\/\/www.youtube.com\/watch?v=OAC6MlRsjt8&amp;t=1s&amp;ab_channel=Centarzanestaluizlostavljanudjecu<\/a><\/li>\n\n\n\n<li>Govor mr\u017enje <a href=\"https:\/\/www.youtube.com\/watch?v=Ynd4stPquU0&amp;t=15s&amp;ab_channel=Centarzanestaluizlostavljanudjecu\">https:\/\/www.youtube.com\/watch?v=Ynd4stPquU0&amp;t=15s&amp;ab_channel=Centarzanestaluizlostavljanudjecu<\/a><\/li>\n\n\n\n<li>Prevencija ovisnosti o ekranima <a href=\"https:\/\/www.youtube.com\/watch?v=bURf-x4pRDE&amp;t=35s&amp;ab_channel=Centarzanestaluizlostavljanudjecu\">https:\/\/www.youtube.com\/watch?v=bURf-x4pRDE&amp;t=35s&amp;ab_channel=Centarzanestaluizlostavljanudjecu<\/a><\/li>\n\n\n\n<li>Sharenting &nbsp;<a href=\"https:\/\/www.youtube.com\/watch?v=zA7aE8lTXjw&amp;ab_channel=Centarzanestaluizlostavljanudjecu\">https:\/\/www.youtube.com\/watch?v=zA7aE8lTXjw&amp;ab_channel=Centarzanestaluizlostavljanudjecu<\/a><\/li>\n\n\n\n<li>La\u017ene vijesti <a href=\"https:\/\/www.youtube.com\/watch?v=mzH_l-tBaUE&amp;t=5s&amp;ab_channel=Centarzanestaluizlostavljanudjecu\">https:\/\/www.youtube.com\/watch?v=mzH_l-tBaUE&amp;t=5s&amp;ab_channel=Centarzanestaluizlostavljanudjecu<\/a><\/li>\n\n\n\n<li>Za\u0161tita podataka i privatnosti <a href=\"https:\/\/www.youtube.com\/watch?v=ChfhLZ6Rjqs&amp;t=2s&amp;ab_channel=Centarzanestaluizlostavljanudjecu\">https:\/\/www.youtube.com\/watch?v=ChfhLZ6Rjqs&amp;t=2s&amp;ab_channel=Centarzanestaluizlostavljanudjecu<\/a><\/li>\n<\/ul>\n<\/li>\n<\/ul>\n\n\n\n<ul class=\"wp-block-list\">\n<li>Podcast za roditelje <a href=\"https:\/\/www.youtube.com\/watch?v=iP7sJD5HwQ0&amp;ab_channel=Centarzanestaluizlostavljanudjecu\">https:\/\/www.youtube.com\/watch?v=iP7sJD5HwQ0&amp;ab_channel=Centarzanestaluizlostavljanudjecu<\/a><\/li>\n<\/ul>\n\n\n\n<ul class=\"wp-block-list\">\n<li>Prikupljeno je 270 razra\u0111enih radionica koje \u0107e biti objavljene u sklopu hub-a znanja od kojih je 6 nagra\u0111eno \u2013 vi\u0161e na: <a href=\"https:\/\/csi.hr\/2022\/03\/22\/nagradene-dsi-radionice-2022\/\">https:\/\/csi.hr\/2022\/03\/22\/nagradene-dsi-radionice-2022\/<\/a><\/li>\n<\/ul>\n\n\n\n<ul class=\"wp-block-list\">\n<li>Online kviz za djecu i mlade o sigurnosti na internetu ispunjen 32 090 puta, a izvu\u010deno je 10 sretnih dobitnika \u2013 vi\u0161e na: <a href=\"https:\/\/www.dansigurnijeginterneta.org\/index.php\/izvuceni-dobitnici-nagrada-online-kviza-u-sklopu-dana-sigurnijeg-interneta-2022\/\">https:\/\/www.dansigurnijeginterneta.org\/index.php\/izvuceni-dobitnici-nagrada-online-kviza-u-sklopu-dana-sigurnijeg-interneta-2022\/<\/a>.<\/li>\n<\/ul>\n\n\n\n<ul class=\"wp-block-list\">\n<li>Edukativni materijali <a href=\"https:\/\/www.dansigurnijeginterneta.org\/index.php\/materijali-i-savjeti\/\">https:\/\/www.dansigurnijeginterneta.org\/index.php\/materijali-i-savjeti\/<\/a><\/li>\n<\/ul>\n\n\n\n<p>Sve informacije o doga\u0111anjima su se mogle pratiti na: <a href=\"https:\/\/www.dansigurnijeginterneta.org\/\">https:\/\/www.dansigurnijeginterneta.org\/<\/a><\/p>\n\n\n\n<p>Ovim putem se jo\u0161 jednom zahvaljujemo svim sudionicima koji su aktivno obilje\u017eavali Dan sigurnijeg interneta i svima koji naknadno koriste izra\u0111ene edukativne sadr\u017eaje!<\/p>\n\n\n\n<p>Pripreme za Dan sigurnijeg interneta 2023. godine su u tijeku i nadamo se da se vidimo i idu\u0107e godine!<\/p>\n\n\n\n<figure class=\"wp-block-image size-full\"><img loading=\"lazy\" decoding=\"async\" width=\"2250\" height=\"9980\" src=\"https:\/\/www.dansigurnijeginterneta.org\/wp-content\/uploads\/2022\/04\/DSI2022-INFOGRAFIKA-01-01.png\" alt=\"\" class=\"wp-image-368\" srcset=\"https:\/\/www.dansigurnijeginterneta.org\/wp-content\/uploads\/2022\/04\/DSI2022-INFOGRAFIKA-01-01.png 2250w, https:\/\/www.dansigurnijeginterneta.org\/wp-content\/uploads\/2022\/04\/DSI2022-INFOGRAFIKA-01-01-231x1024.png 231w, https:\/\/www.dansigurnijeginterneta.org\/wp-content\/uploads\/2022\/04\/DSI2022-INFOGRAFIKA-01-01-768x3407.png 768w, https:\/\/www.dansigurnijeginterneta.org\/wp-content\/uploads\/2022\/04\/DSI2022-INFOGRAFIKA-01-01-346x1536.png 346w, https:\/\/www.dansigurnijeginterneta.org\/wp-content\/uploads\/2022\/04\/DSI2022-INFOGRAFIKA-01-01-462x2048.png 462w\" sizes=\"auto, (max-width: 2250px) 100vw, 2250px\" \/><\/figure>\n","protected":false},"excerpt":{"rendered":"<p>U sklopu Dana sigurnijeg interneta 2022. godine u dugu slogana \u201eZajedno za bolji internet\u201c organizirane su brojne aktivnosti, a sada vam donosimo pregled svih odr\u017eanih s poveznicama na kojima mo\u017eete prona\u0107i njihove snimke! https:\/\/www.youtube.com\/watch?v=TJxpp1I qg8&amp;t=3958s&amp;ab_channel=Centarzasigurnijiinternet Izlaga\u010di: \u2013 Tomislav Ramljak, predsjednik Centra za nestalu i zlostavljanu djecu \u2013 doc.dr.sc. Lucija Vejmelka, Studijski centar socijalnog rada \u2013 &#8230; <a title=\"Pregled odr\u017eanih aktivnosti DSI 2022\" class=\"read-more\" href=\"https:\/\/www.dansigurnijeginterneta.org\/index.php\/pregled-odrzanih-aktivnosti-dsi-2022\/\">Read more<\/a><\/p>\n","protected":false},"author":1,"featured_media":33,"parent":0,"menu_order":0,"comment_status":"closed","ping_status":"closed","template":"","meta":{"footnotes":""},"class_list":["post-367","page","type-page","status-publish","has-post-thumbnail"],"_links":{"self":[{"href":"https:\/\/www.dansigurnijeginterneta.org\/index.php\/wp-json\/wp\/v2\/pages\/367","targetHints":{"allow":["GET"]}}],"collection":[{"href":"https:\/\/www.dansigurnijeginterneta.org\/index.php\/wp-json\/wp\/v2\/pages"}],"about":[{"href":"https:\/\/www.dansigurnijeginterneta.org\/index.php\/wp-json\/wp\/v2\/types\/page"}],"author":[{"embeddable":true,"href":"https:\/\/www.dansigurnijeginterneta.org\/index.php\/wp-json\/wp\/v2\/users\/1"}],"replies":[{"embeddable":true,"href":"https:\/\/www.dansigurnijeginterneta.org\/index.php\/wp-json\/wp\/v2\/comments?post=367"}],"version-history":[{"count":3,"href":"https:\/\/www.dansigurnijeginterneta.org\/index.php\/wp-json\/wp\/v2\/pages\/367\/revisions"}],"predecessor-version":[{"id":390,"href":"https:\/\/www.dansigurnijeginterneta.org\/index.php\/wp-json\/wp\/v2\/pages\/367\/revisions\/390"}],"wp:featuredmedia":[{"embeddable":true,"href":"https:\/\/www.dansigurnijeginterneta.org\/index.php\/wp-json\/wp\/v2\/media\/33"}],"wp:attachment":[{"href":"https:\/\/www.dansigurnijeginterneta.org\/index.php\/wp-json\/wp\/v2\/media?parent=367"}],"curies":[{"name":"wp","href":"https:\/\/api.w.org\/{rel}","templated":true}]}}