{"id":360,"date":"2022-03-22T14:40:15","date_gmt":"2022-03-22T13:40:15","guid":{"rendered":"https:\/\/www.dansigurnijeginterneta.org\/?page_id=360"},"modified":"2022-03-22T14:52:53","modified_gmt":"2022-03-22T13:52:53","slug":"nagradene-dsi-radionice-2022","status":"publish","type":"page","link":"https:\/\/www.dansigurnijeginterneta.org\/index.php\/nagradene-dsi-radionice-2022\/","title":{"rendered":"Nagra\u0111ene DSI radionice 2022"},"content":{"rendered":"\n<p>Hvala svima koji su nam ove godine poslali svoje izra\u0111ene radionice povodom obilje\u017eavanja Dana sigurnijeg interneta 2022. Posebno nas je razveselio kreativan, raznolik i zanimljiv pristup zadanim temama te ulo\u017eeni trud u stvaranju prekrasnih edukativnih materijala i alata za proradu tema. S obzirom na broj primljenih radionica, kojih je bilo preko 200, zadatak nam nije bio nimalo lak. Svaka radionica posebna je i izvrsna na svoj na\u010din te nam je bilo te\u0161ko odlu\u010diti se za tri najbolje stoga smo pro\u0161irili fond nagrada te umjesto tri, nagra\u0111ujemo 6 izvrsnih radionica \u2013 dvije po svakom tematskom podru\u010dju:<\/p>\n\n\n\n<p><strong>PREKOMJERNA UPOTREBA RA\u010cUNALA\/INTERNETA:<\/strong><\/p>\n\n\n\n<ul class=\"wp-block-list\"><li>Marina Aramba\u0161i\u0107 \u2013 Osnovna \u0161kola Ladimirevci, P\u0160 Ivanovci \u2013 Naziv: Odgovorno s medijima<\/li><li>Ton\u010dica Poduje Vojkovi\u0107 i u\u010denici 2. razreda S\u0160 Antun Matija\u0161evi\u0107 Karamaneo Vis \u2013Naziv: Ovisnost o internetu<\/li><\/ul>\n\n\n\n<p>ZA\u0160TITA PRIVATNOSTI NA INTERNE<strong>TU<\/strong><\/p>\n\n\n\n<ul class=\"wp-block-list\"><li>\u017deljana \u0110evenica \u2013 Osnovna \u0161kola Nikole Tesla Zagreb \u2013 Naziv: 3,2,1 PLAY<\/li><li>Petra Tudi\u0107 \u2013 Centar za odgoj, obrazovanje i rehabilitaciju Virovitica \u2013 Naziv: Moji podaci \u2013 moja stvar<\/li><\/ul>\n\n\n\n<p><strong>LA\u017dNE VIJESTI<\/strong><\/p>\n\n\n\n<ul class=\"wp-block-list\"><li>Lidija Bilbija i u\u010denici 4. razreda \u2013 Ekonomska i upravna \u0161kola Osijek \u2013 Naziv: La\u017ene vijesti<\/li><li>Andrea Wawrzynek i u\u010denici 1. a \u2013 Upravna \u0161kola Zagreb \u2013 Naziv: Escape room \u2013 la\u017ene vijesti<\/li><\/ul>\n\n\n\n<p>\u010cestitamo svim sretnim dobitnicima koje \u0107emo kontaktirati tijekom slijede\u0107eg tjedna radi dogovora oko preuzimanja nagrada, a svima ostalima se zahvaljujemo na sudjelovanju te se nadamo da \u0107ete i slijede\u0107e godine sudjelovati u obilje\u017eavanju DSI.<\/p>\n\n\n\n<p>Sve pristigle pripreme za radionice prema zadanim temama uskoro \u0107e biti objavljene i na na\u0161oj web stranici csi.hr!<\/p>\n","protected":false},"excerpt":{"rendered":"<p>Hvala svima koji su nam ove godine poslali svoje izra\u0111ene radionice povodom obilje\u017eavanja Dana sigurnijeg interneta 2022. Posebno nas je razveselio kreativan, raznolik i zanimljiv pristup zadanim temama te ulo\u017eeni trud u stvaranju prekrasnih edukativnih materijala i alata za proradu tema. S obzirom na broj primljenih radionica, kojih je bilo preko 200, zadatak nam nije &#8230; <a title=\"Nagra\u0111ene DSI radionice 2022\" class=\"read-more\" href=\"https:\/\/www.dansigurnijeginterneta.org\/index.php\/nagradene-dsi-radionice-2022\/\">Read more<\/a><\/p>\n","protected":false},"author":1,"featured_media":33,"parent":0,"menu_order":0,"comment_status":"closed","ping_status":"closed","template":"","meta":{"footnotes":""},"class_list":["post-360","page","type-page","status-publish","has-post-thumbnail"],"_links":{"self":[{"href":"https:\/\/www.dansigurnijeginterneta.org\/index.php\/wp-json\/wp\/v2\/pages\/360","targetHints":{"allow":["GET"]}}],"collection":[{"href":"https:\/\/www.dansigurnijeginterneta.org\/index.php\/wp-json\/wp\/v2\/pages"}],"about":[{"href":"https:\/\/www.dansigurnijeginterneta.org\/index.php\/wp-json\/wp\/v2\/types\/page"}],"author":[{"embeddable":true,"href":"https:\/\/www.dansigurnijeginterneta.org\/index.php\/wp-json\/wp\/v2\/users\/1"}],"replies":[{"embeddable":true,"href":"https:\/\/www.dansigurnijeginterneta.org\/index.php\/wp-json\/wp\/v2\/comments?post=360"}],"version-history":[{"count":2,"href":"https:\/\/www.dansigurnijeginterneta.org\/index.php\/wp-json\/wp\/v2\/pages\/360\/revisions"}],"predecessor-version":[{"id":365,"href":"https:\/\/www.dansigurnijeginterneta.org\/index.php\/wp-json\/wp\/v2\/pages\/360\/revisions\/365"}],"wp:featuredmedia":[{"embeddable":true,"href":"https:\/\/www.dansigurnijeginterneta.org\/index.php\/wp-json\/wp\/v2\/media\/33"}],"wp:attachment":[{"href":"https:\/\/www.dansigurnijeginterneta.org\/index.php\/wp-json\/wp\/v2\/media?parent=360"}],"curies":[{"name":"wp","href":"https:\/\/api.w.org\/{rel}","templated":true}]}}