{"id":347,"date":"2022-02-09T12:02:26","date_gmt":"2022-02-09T11:02:26","guid":{"rendered":"https:\/\/www.dansigurnijeginterneta.org\/?page_id=347"},"modified":"2022-02-09T13:25:45","modified_gmt":"2022-02-09T12:25:45","slug":"izvuceni-dobitnici-nagrada-online-kviza-u-sklopu-dana-sigurnijeg-interneta-2022","status":"publish","type":"page","link":"https:\/\/www.dansigurnijeginterneta.org\/index.php\/izvuceni-dobitnici-nagrada-online-kviza-u-sklopu-dana-sigurnijeg-interneta-2022\/","title":{"rendered":"Izvu\u010deni dobitnici nagrada Online kviza u sklopu Dana sigurnijeg interneta 2022."},"content":{"rendered":"\n<p>Jo\u0161 jedan Online kviz organiziran u klopu Dana sigurnijeg interneta 2022. je iza nas, hvala svima koji su rije\u0161ili kviz.<\/p>\n\n\n\n<p>Popis dobitnika donosimo u nastavku.<\/p>\n\n\n\n<p>Podsje\u0107amo vas da je Online kviz organiziran povodom Dana sigurnijeg interneta 2022. zbog \u010dega posebno nagla\u0161avamo da je va\u017eno \u010duvati va\u0161e osobne podatke i ne dijeliti ih s nepoznatim osobama, zbog \u010dega ih mi ni ne tra\u017eimo od vas!<\/p>\n\n\n\n<h2 class=\"wp-block-heading\">UPUTE:<\/h2>\n\n\n\n<p>Na popisu nagra\u0111enih nalaze se dobitni KOD-ovi na kojima&nbsp;<strong>nedostaje zadnjih 5 brojeva<\/strong>. Ukoliko prepoznate svoj KOD na popisu nagra\u0111enih (prvi dio koda), potrebno je:<\/p>\n\n\n\n<ol class=\"wp-block-list\" type=\"1\"><li><strong>Obratiti se roditelju ili skrbniku<\/strong>&nbsp;da ste izvu\u010deni kao sretni dobitnik.<\/li><li>Roditelj ili skrbnik treba&nbsp;<strong>kontaktirati djelatnike Centra za sigurniji internet<\/strong>&nbsp;na e-mail<strong>&nbsp;<a rel=\"noreferrer noopener\" href=\"mailto:nagrade.dsi@gmail.com\" target=\"_blank\">nagrade.dsi@gmail.com<\/a><\/strong><\/li><li>Na navedenu e-mail adresu roditelji ili skrbnici trebaju poslati&nbsp;<strong>puni KOD<\/strong>&nbsp;(kod s popisa nagra\u0111enih + 5 zadnjih brojeva\/slova koji nedostaju) \u2013 na taj na\u010din provjeravamo autenti\u010dnost i dogovaramo preuzimanje nagrade.<\/li><\/ol>\n\n\n\n<h2 class=\"wp-block-heading\">IZVU\u010cENI DOBITNICI NAGRADA:<\/h2>\n\n\n\n<figure class=\"wp-block-table is-style-stripes\"><table><tbody><tr><td>1.<\/td><td>e9bb6f79-2d56-41ef-9704-b67b4a8&#8230;..<\/td><td>Tablet HUAWEI MediaPad <\/td><\/tr><tr><td>2.<\/td><td>68faf0b3-59ef-478b-8423-d1883fc&#8230;..<\/td><td>Tablet HUAWEI MediaPad  <\/td><\/tr><tr><td>3.<\/td><td>6e77726b-bec1-4c65-bf20-b6ad51b&#8230;..<\/td><td>Mobitel XIAOMI Redmi <\/td><\/tr><tr><td>4.<\/td><td>c1a8b2ae-ec8c-468f-b0d7-1505453&#8230;..<\/td><td>Mobitel XIAOMI Redmi <\/td><\/tr><tr><td>5.<\/td><td>1edde688-7b50-4fbd-8f77-b16b578&#8230;..<\/td><td>Mobitel XIAOMI Redmi <\/td><\/tr><tr><td>6.<\/td><td>47f48061-964e-485c-8ab9-4c64618&#8230;..<\/td><td>Mobitel XIAOMI Redmi <\/td><\/tr><tr><td>7.<\/td><td>3a77571f-b262-44d3-9661-433f8b8&#8230;..<\/td><td>Mobitel XIAOMI Redmi <\/td><\/tr><tr><td>8.<\/td><td>4989d6ba-181d-4953-ab08-911a6de&#8230;..<\/td><td>Wireless Slu\u0161alice XIAOMI<\/td><\/tr><tr><td>9.<\/td><td>336c9d0c-63a0-4e3b-be5a-65254bb&#8230;..<\/td><td>Wireless Slu\u0161alice XIAOMI <\/td><\/tr><tr><td>10.<\/td><td>4971cfe5-120a-4312-b9c5-b1a4049&#8230;..<\/td><td>Wireless Slu\u0161alice XIAOMI  <\/td><\/tr><\/tbody><\/table><\/figure>\n\n\n\n<p><strong>\u010cestitamo svim izvu\u010denim dobitnicima!<\/strong><\/p>\n\n\n\n<p>Jo\u0161 jednom Vas molimo da nam <strong>ne<\/strong> dostavljate svoje osobne podatke putem dru\u0161tvenih mre\u017ea, e-maila ili drugih kanala. Neophodno je da <strong>preuzimanje nagrade dogovori Va\u0161 roditelj ili skrbnik<\/strong>. Maloljetna osoba ne\u0107e biti u mogu\u0107nosti samostalno preuzeti nagradu.<\/p>\n\n\n\n<p>U skladu s porukom Dana sigurnijeg interneta voljeli bi da se slijedite upute koje smo dali i da po\u0161tujete pravila nagra\u0111ivanja!<\/p>\n\n\n\n<p>Va\u0161a sigurnost nam je na prvom mjestu!<\/p>\n","protected":false},"excerpt":{"rendered":"<p>Jo\u0161 jedan Online kviz organiziran u klopu Dana sigurnijeg interneta 2022. je iza nas, hvala svima koji su rije\u0161ili kviz. Popis dobitnika donosimo u nastavku. Podsje\u0107amo vas da je Online kviz organiziran povodom Dana sigurnijeg interneta 2022. zbog \u010dega posebno nagla\u0161avamo da je va\u017eno \u010duvati va\u0161e osobne podatke i ne dijeliti ih s nepoznatim osobama, &#8230; <a title=\"Izvu\u010deni dobitnici nagrada Online kviza u sklopu Dana sigurnijeg interneta 2022.\" class=\"read-more\" href=\"https:\/\/www.dansigurnijeginterneta.org\/index.php\/izvuceni-dobitnici-nagrada-online-kviza-u-sklopu-dana-sigurnijeg-interneta-2022\/\">Read more<\/a><\/p>\n","protected":false},"author":1,"featured_media":348,"parent":0,"menu_order":0,"comment_status":"closed","ping_status":"closed","template":"","meta":{"footnotes":""},"class_list":["post-347","page","type-page","status-publish","has-post-thumbnail"],"_links":{"self":[{"href":"https:\/\/www.dansigurnijeginterneta.org\/index.php\/wp-json\/wp\/v2\/pages\/347","targetHints":{"allow":["GET"]}}],"collection":[{"href":"https:\/\/www.dansigurnijeginterneta.org\/index.php\/wp-json\/wp\/v2\/pages"}],"about":[{"href":"https:\/\/www.dansigurnijeginterneta.org\/index.php\/wp-json\/wp\/v2\/types\/page"}],"author":[{"embeddable":true,"href":"https:\/\/www.dansigurnijeginterneta.org\/index.php\/wp-json\/wp\/v2\/users\/1"}],"replies":[{"embeddable":true,"href":"https:\/\/www.dansigurnijeginterneta.org\/index.php\/wp-json\/wp\/v2\/comments?post=347"}],"version-history":[{"count":7,"href":"https:\/\/www.dansigurnijeginterneta.org\/index.php\/wp-json\/wp\/v2\/pages\/347\/revisions"}],"predecessor-version":[{"id":439,"href":"https:\/\/www.dansigurnijeginterneta.org\/index.php\/wp-json\/wp\/v2\/pages\/347\/revisions\/439"}],"wp:featuredmedia":[{"embeddable":true,"href":"https:\/\/www.dansigurnijeginterneta.org\/index.php\/wp-json\/wp\/v2\/media\/348"}],"wp:attachment":[{"href":"https:\/\/www.dansigurnijeginterneta.org\/index.php\/wp-json\/wp\/v2\/media?parent=347"}],"curies":[{"name":"wp","href":"https:\/\/api.w.org\/{rel}","templated":true}]}}