{"id":276,"date":"2022-02-03T16:07:06","date_gmt":"2022-02-03T15:07:06","guid":{"rendered":"https:\/\/www.dansigurnijeginterneta.org\/?page_id=276"},"modified":"2022-02-07T23:40:23","modified_gmt":"2022-02-07T22:40:23","slug":"zoom-webinar-uloga-strucnjaka-u-podrucju-rizicnih-ponasanja-djece-i-mladih-na-internetu","status":"publish","type":"page","link":"https:\/\/www.dansigurnijeginterneta.org\/index.php\/zoom-webinar-uloga-strucnjaka-u-podrucju-rizicnih-ponasanja-djece-i-mladih-na-internetu\/","title":{"rendered":"Zoom webinar \u201eUloga stru\u010dnjaka u podru\u010dju rizi\u010dnih pona\u0161anja djece i mladih na internetu\u201c"},"content":{"rendered":"\n<p><strong>Za koga je webinar namijenjen?<\/strong><\/p>\n\n\n\n<p>Webinar za stru\u010dnjake \u201eUloga stru\u010dnjaka u podru\u010dju rizi\u010dnih pona\u0161anja djece i mladih na internetu\u201c namijenjen je svim nastavnicima, profesorima, odgojiteljima, stru\u010dnim suradnicima i svima ostalim koji se u svojem radu doti\u010du teme sigurnosti djece na internetu a organizira se u sklopu obilje\u017eavanja Dana sigurnijeg interneta 2022 te projekta \u201eSafer Internet Centre Croatia: Making Internet a good and safe place\u201c (2020-HR-IA-0051).<\/p>\n\n\n\n<p><strong>Koje teme \u0107e pokrivati?<\/strong><\/p>\n\n\n\n<p>Na webinaru \u0107ete mo\u0107i \u010duti rezultate provedenog istra\u017eivanja deShame Hrvatska te njegove aplikacije u svakodnevnom radu kao i prikaz radionica na temu prevencije rizi\u010dnih pona\u0161anja djece i mladih u online okru\u017eenju s naglaskom na online seksualno uznemiravanje.<\/p>\n\n\n\n<p><strong>Tko su izlaga\u010di?<\/strong><\/p>\n\n\n\n<ul class=\"wp-block-list\"><li>Tomislav Ramljak, <em>predsjednik Centra za nestalu i zlostavljanu djecu<\/em><\/li><li>i<em>zv.prof.dr.sc.<\/em> Lucija Vejmelka, Studijski centar socijalnog rada<\/li><li><em>izv.prof.dr.sc.<\/em> Miroslav Rajter, Ured za istra\u017eivanje, Sveu\u010dili\u0161te u Zagrebu<\/li><li>Roberta Matkovi\u0107, <em>prof., Nastavni zavod za javno zdravstvo Splitsko-dalmatinske \u017eupanije<\/em><\/li><li>Vanja \u0160oki\u0107, <em>mag. psych., Centar za nestalu i zlostavljanu djecu<\/em><\/li><\/ul>\n\n\n\n<p><strong>Kada?<\/strong><\/p>\n\n\n\n<p>8. velja\u010de 2022. godine, s po\u010detkom u 13:00 sati.<\/p>\n\n\n\n<p><strong>Gdje?<\/strong><\/p>\n\n\n\n<p>Zoom platforma.<\/p>\n\n\n\n<p><\/p>\n\n\n\n<h3 class=\"wp-block-heading\">Program webinara<\/h3>\n\n\n\n<figure class=\"wp-block-table is-style-stripes\"><table><tbody><tr><td>13:00 &#8211; 13:15<\/td><td><strong>Uvodna rije\u010d <\/strong><br>Tomislav Ramljak,<em> predsjednik Centra za nestalu i zlostavljanu djecu<\/em><\/td><\/tr><tr><td>13:15 &#8211; 13:30<\/td><td><strong>Online rizi\u010dna seksualna pona\u0161anja kod srednjo\u0161kolaca: predstavljanje deSHAME istra\u017eivanja u Hrvatskoj<\/strong><br><em>izv.prof.dr.sc.<\/em> Lucija Vejmelka<\/td><\/tr><tr><td>13:30 &#8211; 13:45<\/td><td><strong>Metodologija i provedba deSHAME istra\u017eivanja<\/strong><br>Roberta Matkovi\u0107, <em>prof. sociologije<\/em><\/td><\/tr><tr><td>13:45 &#8211; 14:15<\/td><td><strong>Rezultati deSHAME istra\u017eivanja<\/strong><br><em>izv. prof. de.sc. <\/em>Miroslav Rajter i <em>izv.prof.dr.sc. <\/em>Lucija Vejmelka<\/td><\/tr><tr><td>14:15 &#8211; 14:40<\/td><td><strong>Prevencija i prijava online seksualnog uznemiravanja kod djece i mladih<\/strong><br>Vanja \u0160oki\u0107,<em> mag. psihologije<\/em><\/td><\/tr><tr><td>14:40 &#8211; 15:00<\/td><td><strong>Rasprava, pitanja i odgovori<\/strong><\/td><\/tr><\/tbody><\/table><\/figure>\n\n\n\n<p><strong>Kako se prijaviti?<\/strong><\/p>\n\n\n\n<p>Registraciju za webinar mo\u017eete izvr\u0161iti OVDJE \u2013 link <a href=\"https:\/\/us06web.zoom.us\/webinar\/register\/WN_s2HFy_djQ7ejVb-f4A2_0w\">https:\/\/us06web.zoom.us\/webinar\/register\/WN_s2HFy_djQ7ejVb-f4A2_0w<\/a><\/p>\n\n\n\n<p>Nakon registracije, primit \u0107e te e-mail s potvrdom registracije i daljnjim uputama za pra\u0107enje webinara.<\/p>\n","protected":false},"excerpt":{"rendered":"<p>Za koga je webinar namijenjen? Webinar za stru\u010dnjake \u201eUloga stru\u010dnjaka u podru\u010dju rizi\u010dnih pona\u0161anja djece i mladih na internetu\u201c namijenjen je svim nastavnicima, profesorima, odgojiteljima, stru\u010dnim suradnicima i svima ostalim koji se u svojem radu doti\u010du teme sigurnosti djece na internetu a organizira se u sklopu obilje\u017eavanja Dana sigurnijeg interneta 2022 te projekta \u201eSafer Internet &#8230; <a title=\"Zoom webinar \u201eUloga stru\u010dnjaka u podru\u010dju rizi\u010dnih pona\u0161anja djece i mladih na internetu\u201c\" class=\"read-more\" href=\"https:\/\/www.dansigurnijeginterneta.org\/index.php\/zoom-webinar-uloga-strucnjaka-u-podrucju-rizicnih-ponasanja-djece-i-mladih-na-internetu\/\">Read more<\/a><\/p>\n","protected":false},"author":1,"featured_media":278,"parent":0,"menu_order":0,"comment_status":"closed","ping_status":"closed","template":"","meta":{"footnotes":""},"class_list":["post-276","page","type-page","status-publish","has-post-thumbnail"],"_links":{"self":[{"href":"https:\/\/www.dansigurnijeginterneta.org\/index.php\/wp-json\/wp\/v2\/pages\/276","targetHints":{"allow":["GET"]}}],"collection":[{"href":"https:\/\/www.dansigurnijeginterneta.org\/index.php\/wp-json\/wp\/v2\/pages"}],"about":[{"href":"https:\/\/www.dansigurnijeginterneta.org\/index.php\/wp-json\/wp\/v2\/types\/page"}],"author":[{"embeddable":true,"href":"https:\/\/www.dansigurnijeginterneta.org\/index.php\/wp-json\/wp\/v2\/users\/1"}],"replies":[{"embeddable":true,"href":"https:\/\/www.dansigurnijeginterneta.org\/index.php\/wp-json\/wp\/v2\/comments?post=276"}],"version-history":[{"count":5,"href":"https:\/\/www.dansigurnijeginterneta.org\/index.php\/wp-json\/wp\/v2\/pages\/276\/revisions"}],"predecessor-version":[{"id":334,"href":"https:\/\/www.dansigurnijeginterneta.org\/index.php\/wp-json\/wp\/v2\/pages\/276\/revisions\/334"}],"wp:featuredmedia":[{"embeddable":true,"href":"https:\/\/www.dansigurnijeginterneta.org\/index.php\/wp-json\/wp\/v2\/media\/278"}],"wp:attachment":[{"href":"https:\/\/www.dansigurnijeginterneta.org\/index.php\/wp-json\/wp\/v2\/media?parent=276"}],"curies":[{"name":"wp","href":"https:\/\/api.w.org\/{rel}","templated":true}]}}