{"id":261,"date":"2026-02-10T09:00:00","date_gmt":"2026-02-10T08:00:00","guid":{"rendered":"https:\/\/www.dansigurnijeginterneta.org\/?page_id=261"},"modified":"2026-02-10T08:45:06","modified_gmt":"2026-02-10T07:45:06","slug":"upute-za-sudjelovanje-u-online-kvizu","status":"publish","type":"page","link":"https:\/\/www.dansigurnijeginterneta.org\/index.php\/upute-za-sudjelovanje-u-online-kvizu\/","title":{"rendered":"Upute za sudjelovanje u online kvizu"},"content":{"rendered":"\n<p><\/p>\n\n\n\n<figure class=\"wp-block-image size-large\"><img loading=\"lazy\" decoding=\"async\" width=\"1024\" height=\"474\" src=\"https:\/\/www.dansigurnijeginterneta.org\/wp-content\/uploads\/2026\/02\/upute-za-sudjelovanje-kviz-nasl-dsi-web-1024x474.png\" alt=\"\" class=\"wp-image-718\" srcset=\"https:\/\/www.dansigurnijeginterneta.org\/wp-content\/uploads\/2026\/02\/upute-za-sudjelovanje-kviz-nasl-dsi-web-1024x474.png 1024w, https:\/\/www.dansigurnijeginterneta.org\/wp-content\/uploads\/2026\/02\/upute-za-sudjelovanje-kviz-nasl-dsi-web-300x139.png 300w, https:\/\/www.dansigurnijeginterneta.org\/wp-content\/uploads\/2026\/02\/upute-za-sudjelovanje-kviz-nasl-dsi-web-768x355.png 768w, https:\/\/www.dansigurnijeginterneta.org\/wp-content\/uploads\/2026\/02\/upute-za-sudjelovanje-kviz-nasl-dsi-web-1536x710.png 1536w, https:\/\/www.dansigurnijeginterneta.org\/wp-content\/uploads\/2026\/02\/upute-za-sudjelovanje-kviz-nasl-dsi-web-2048x947.png 2048w\" sizes=\"auto, (max-width: 1024px) 100vw, 1024px\" \/><\/figure>\n\n\n\n<h2 class=\"wp-block-heading\"><strong>Za koga je online kviz?<\/strong><\/h2>\n\n\n\n<p>Na\u0161 online kviz o sigurnosti na internetu, kao jedna od aktivnosti Dana sigurnijeg interneta 2026, namijenjen je djeci i mladima u <strong>Hrvatskoj. <\/strong>Online kviz \u0107e biti dostupan na Dan sigurnijeg interneta, 10. velja\u010de 2026. godine od 9:00 sati.<\/p>\n\n\n\n<h2 class=\"wp-block-heading\"><strong>Kada mogu sudjelovati u online kvizu?<\/strong><\/h2>\n\n\n\n<p>10. velja\u010de 2026. godine <strong>od 09:00 do 19:00 sati.<\/strong><\/p>\n\n\n\n<h2 class=\"wp-block-heading\"><strong>Kako sudjelovati u online kvizu?<\/strong><\/h2>\n\n\n\n<p>Online kviz za djecu i mlade iz <strong>Hrvatske <\/strong>o sigurnosti na internetu dostupan je na poveznici:<\/p>\n\n\n\n<div class=\"wp-block-columns are-vertically-aligned-center is-layout-flex wp-container-core-columns-is-layout-9d6595d7 wp-block-columns-is-layout-flex\">\n<div class=\"wp-block-column is-vertically-aligned-center is-layout-flow wp-block-column-is-layout-flow\"><div class=\"wp-block-image\">\n<figure class=\"aligncenter size-large is-resized\"><a href=\"https:\/\/www.dansigurnijeginterneta.org\/kvizHR\/index\"><img loading=\"lazy\" decoding=\"async\" width=\"1024\" height=\"512\" src=\"https:\/\/www.dansigurnijeginterneta.org\/wp-content\/uploads\/2024\/02\/hrvatska-01-1024x512.png\" alt=\"\" class=\"wp-image-541\" style=\"width:204px;height:auto\" srcset=\"https:\/\/www.dansigurnijeginterneta.org\/wp-content\/uploads\/2024\/02\/hrvatska-01-1024x512.png 1024w, https:\/\/www.dansigurnijeginterneta.org\/wp-content\/uploads\/2024\/02\/hrvatska-01-300x150.png 300w, https:\/\/www.dansigurnijeginterneta.org\/wp-content\/uploads\/2024\/02\/hrvatska-01-768x384.png 768w, https:\/\/www.dansigurnijeginterneta.org\/wp-content\/uploads\/2024\/02\/hrvatska-01-1536x768.png 1536w, https:\/\/www.dansigurnijeginterneta.org\/wp-content\/uploads\/2024\/02\/hrvatska-01.png 1667w\" sizes=\"auto, (max-width: 1024px) 100vw, 1024px\" \/><\/a><\/figure>\n<\/div><\/div>\n<\/div>\n\n\n\n<div class=\"wp-block-columns are-vertically-aligned-top is-layout-flex wp-container-core-columns-is-layout-9d6595d7 wp-block-columns-is-layout-flex\">\n<div class=\"wp-block-column is-vertically-aligned-top is-layout-flow wp-block-column-is-layout-flow\">\n<p class=\"has-text-align-center\"><a href=\"https:\/\/www.dansigurnijeginterneta.org\/kvizHR\/index\">Hrvatska<\/a><\/p>\n<\/div>\n<\/div>\n\n\n\n<p>Online kviz za djecu i mlade iz Bosne i Hercegovine o sigurnosti na internetu dostupan je na poveznici:<\/p>\n\n\n<div class=\"wp-block-image\">\n<figure class=\"aligncenter size-large is-resized\"><a href=\"https:\/\/www.dansigurnijeginterneta.org\/kvizBIH\/\"><img loading=\"lazy\" decoding=\"async\" width=\"1024\" height=\"512\" src=\"https:\/\/www.dansigurnijeginterneta.org\/wp-content\/uploads\/2024\/02\/bosna-01-1024x512.png\" alt=\"\" class=\"wp-image-542\" style=\"width:204px;height:auto\" srcset=\"https:\/\/www.dansigurnijeginterneta.org\/wp-content\/uploads\/2024\/02\/bosna-01-1024x512.png 1024w, https:\/\/www.dansigurnijeginterneta.org\/wp-content\/uploads\/2024\/02\/bosna-01-300x150.png 300w, https:\/\/www.dansigurnijeginterneta.org\/wp-content\/uploads\/2024\/02\/bosna-01-768x384.png 768w, https:\/\/www.dansigurnijeginterneta.org\/wp-content\/uploads\/2024\/02\/bosna-01-1536x768.png 1536w, https:\/\/www.dansigurnijeginterneta.org\/wp-content\/uploads\/2024\/02\/bosna-01.png 1667w\" sizes=\"auto, (max-width: 1024px) 100vw, 1024px\" \/><\/a><\/figure>\n<\/div>\n\n\n<div class=\"wp-block-columns is-layout-flex wp-container-core-columns-is-layout-9d6595d7 wp-block-columns-is-layout-flex\">\n<div class=\"wp-block-column is-vertically-aligned-top is-layout-flow wp-block-column-is-layout-flow\">\n<p class=\"has-text-align-center\"><a href=\"https:\/\/www.dansigurnijeginterneta.org\/kvizBIH\/\">Bosna i Hercegovina<\/a><\/p>\n<\/div>\n<\/div>\n\n\n\n<p>VA\u017dNO: Za pristupanje kvizu ne trebate ostavljati svoje osobne podatke.&nbsp;<\/p>\n\n\n\n<p><\/p>\n\n\n\n<h2 class=\"wp-block-heading\"><strong>\u0160to kada rije\u0161im online kviz?<\/strong><\/h2>\n\n\n\n<ol class=\"wp-block-list\">\n<li>Nakon \u0161to rije\u0161ite kviz dobit \u0107e te povratnu informaciju o va\u0161em rezultatu u obliku <strong>jedinstvenog koda<\/strong> (npr. 0713678a-93fbe-\u2026.).<\/li>\n\n\n\n<li>Kod koji \u0107e vam se prikazati na ekranu nakon rje\u0161avanja kviza <strong>OBVEZNO morate pohraniti na mobitelu (snimka zaslona\/<em>screenshot<\/em>)<\/strong>.<\/li>\n\n\n\n<li><strong>KOD<\/strong> je <strong>dokaz <\/strong>koji vam je potreban za preuzimanje nagrade, ukoliko budete izabrani. <strong>Bez njega ne\u0107ete mo\u0107i preuzeti nagradu, a KOD se naknadno ne mo\u017ee preuzeti.<\/strong><\/li>\n<\/ol>\n\n\n\n<h2 class=\"wp-block-heading\"><strong>Kako odabiremo dobitnike nagrada?<\/strong><\/h2>\n\n\n\n<p>Nagrade se dodjeljuju <strong>slu\u010dajnim odabirom <\/strong>izme\u0111u onih natjecatelja koji su kviz rije\u0161ili s 80% ili vi\u0161e to\u010dnih odgovora do 19:00 sati na dan kviza (10. velja\u010de 2026. godine).<\/p>\n\n\n\n<h3 class=\"wp-block-heading\">Gdje i kada se objavljuju dobitnici nagrade?<\/h3>\n\n\n\n<p><strong><em>11. velja\u010de 2026. godine (srijeda) u 12:00 sati<\/em><\/strong>&nbsp; na web stranici <a href=\"https:\/\/csi.hr\/\">https:\/\/csi.hr\/<\/a>&nbsp; i <a href=\"https:\/\/www.dansigurnijeginterneta.org\/\">https:\/\/www.dansigurnijeginterneta.org\/<\/a> te na dru\u0161tvenim mre\u017eama Centra za sigurniji internet (<a href=\"https:\/\/www.facebook.com\/csihrv\">Facebook<\/a> i <a href=\"https:\/\/www.instagram.com\/csi.hr\/\">Instagram<\/a>) objavit \u0107emo informacije o dobitnicima nagrada.<\/p>\n\n\n\n<p>Dobitnici nagrada iz Bosne i Hercegovine biti \u0107e objavljeni na stranici <a href=\"http:\/\/www.sigurnodijete.ba\">www.sigurnodijete.ba<\/a> i na njihovim slu\u017ebenim dru\u0161tvenim mre\u017eama <a href=\"https:\/\/www.facebook.com\/sigurnodijete\">Facebook<\/a> i <a href=\"https:\/\/www.instagram.com\/sigurnodijete.ba\/\">Instagram<\/a>.<\/p>\n\n\n\n<p>Ovim putem vas pozivamo da pratite na\u0161e web stranice i dru\u0161tvene mre\u017ee kako biste vidjeli jeste li osvojili vrijedne nagrade.<\/p>\n\n\n\n<p><\/p>\n\n\n\n<p>Popis nagra\u0111enih objavljujemo na na\u010din da objavimo KOD kojem nedostaje zadnjih 5 slova\/brojeva. Ukoliko prepoznate po\u010detni dio svog KOD-a s popisa nagra\u0111enih, potrebno je na e-mail adresu dostaviti dokaz (snimku zaslona) punog KOD-a &#8211; sa zadnjih 5 znakova koji nedostaju.<br><\/p>\n\n\n\n<p class=\"has-accent-color has-text-color has-link-color wp-elements-694ed28519f5e7b00d34a30682ffcf93\">Dobitnici nagrada iz Bosne i Hercegovine biti \u0107e objavljeni na stranici <a href=\"http:\/\/www.sigurnodijete.ba\/\">www.sigurnodijete.ba<\/a> i na njihovim slu\u017ebenim dru\u0161tvenim mre\u017eama <a href=\"https:\/\/www.facebook.com\/sigurnodijete\">Facebook<\/a> i <a href=\"https:\/\/www.instagram.com\/sigurnodijete.ba\/\">Instagram<\/a>.<br><br>Ovim putem vas pozivamo da pratite na\u0161e web stranice i dru\u0161tvene mre\u017ee kako biste vidjeli jeste li osvojili vrijedne nagrade.<\/p>\n\n\n\n<h1 class=\"wp-block-heading\"><strong>VA\u017dNO!<\/strong><\/h1>\n\n\n\n<h3 class=\"wp-block-heading\">Kako preuzeti nagradu?<\/h3>\n\n\n\n<p>Nakon 18. velja\u010de 2026. godine djelatnici Centra za sigurniji internet \u0107e vas kontaktirati (odgovoriti na e-mail). Ukoliko ne dobijete odgovor, molimo Vas za strpljenje <img loading=\"lazy\" decoding=\"async\" width=\"17\" height=\"17\" src=\"data:image\/png;base64,R0lGODlhEQARAHcAMSH+GlNvZnR3YXJlOiBNaWNyb3NvZnQgT2ZmaWNlACH5BAEAAAAALAAAAAABAAEAgAAAAAECAwICRAEAOw==\" alt=\"\ud83d\ude42\">&nbsp;<\/p>\n\n\n\n<ul class=\"wp-block-list\">\n<li>Ukoliko prepoznate svoj <strong><em>KOD<\/em><\/strong> na popisu nagra\u0111enih, potrebno je obratiti se roditelju ili skrbniku.&nbsp;<\/li>\n\n\n\n<li><strong>Isklju\u010divo roditelj ili skrbnik treba kontaktirati djelatnike Centra za sigurniji internet <\/strong>na e-mail nagrade.dsi@gmail.com&nbsp; te dogovoriti provjeru autenti\u010dnosti i preuzimanje nagrade.<br>Roditelj ili skrbnik dobitnika iz Bosne i Hercegovine treba dogovoriti provjeru autenti\u010dnosti i preuzimanje nagrade putem maila <a href=\"mailto:info@sigurnodijete.ba\">info@sigurnodijete.ba<\/a>&nbsp;<\/li>\n\n\n\n<li>U e-mailu je potrebno napisati KOD s popisa nagra\u0111enih + zadnjih 5 brojeva\/slova koji nedostaju. Na taj na\u010din proveravamo jeste li dobitnik nagrade.<\/li>\n\n\n\n<li><strong>Rok za javljanje<\/strong> za javljanje za preuzimanje nagrada je <strong>20. velja\u010de 2026. godine do 12:00 sati.<\/strong><\/li>\n\n\n\n<li>Nakon 18. velja\u010de 2026. godine djelatnici Centra za sigurniji internet \u0107e vas kontaktirati (odgovoriti na e-mail). Ukoliko ne dobijete odgovor, molimo Vas za strpljenje.<\/li>\n\n\n\n<li><\/li>\n<\/ul>\n\n\n\n<p>Popis nagrada<\/p>\n\n\n\n<ol class=\"wp-block-list\">\n<li>Xiaomi Redmi Note 14 Lavender Purple &#8211; mobitel<\/li>\n\n\n\n<li>Xiaomi Redmi 10 C Black &#8211; mobitel&nbsp;<\/li>\n\n\n\n<li>Huawei Band 4 pametna narukvica (crna)<\/li>\n\n\n\n<li>Huawei Band 4 pametna narukvica (crna)&nbsp;<\/li>\n\n\n\n<li>White Shark Cheyenne 4 in 1 gaming combo (tipkovica, mi\u0161, podloga za mi\u0161 i slu\u0161alice s mikrofonom)<\/li>\n\n\n\n<li>White Shark Cheyenne 4 in 1 gaming combo (tipkovica, mi\u0161, podloga za mi\u0161 i slu\u0161alice s mikrofonom)<\/li>\n\n\n\n<li>White Shark Cheyenne 4 in 1 gaming combo (tipkovica, mi\u0161, podloga za mi\u0161 i slu\u0161alice s mikrofonom)<\/li>\n\n\n\n<li>White Shark Apache 2 gaming combo (tipkovnica + mi\u0161)<\/li>\n\n\n\n<li>White Shark Apache 2 gaming combo (tipkovnica + mi\u0161)<\/li>\n\n\n\n<li>White Shark Gladiator 2 gaming keyboard<\/li>\n<\/ol>\n\n\n\n<p>Slike nagrada:<\/p>\n\n\n\n<p>1.<br><\/p>\n\n\n\n<figure class=\"wp-block-image size-full\"><img loading=\"lazy\" decoding=\"async\" width=\"336\" height=\"402\" src=\"https:\/\/www.dansigurnijeginterneta.org\/wp-content\/uploads\/2026\/02\/image.png\" alt=\"\" class=\"wp-image-719\" srcset=\"https:\/\/www.dansigurnijeginterneta.org\/wp-content\/uploads\/2026\/02\/image.png 336w, https:\/\/www.dansigurnijeginterneta.org\/wp-content\/uploads\/2026\/02\/image-251x300.png 251w\" sizes=\"auto, (max-width: 336px) 100vw, 336px\" \/><\/figure>\n\n\n\n<p>2.<br><\/p>\n\n\n\n<figure class=\"wp-block-image size-full\"><img loading=\"lazy\" decoding=\"async\" width=\"369\" height=\"414\" src=\"https:\/\/www.dansigurnijeginterneta.org\/wp-content\/uploads\/2026\/02\/image-1.png\" alt=\"\" class=\"wp-image-720\" srcset=\"https:\/\/www.dansigurnijeginterneta.org\/wp-content\/uploads\/2026\/02\/image-1.png 369w, https:\/\/www.dansigurnijeginterneta.org\/wp-content\/uploads\/2026\/02\/image-1-267x300.png 267w\" sizes=\"auto, (max-width: 369px) 100vw, 369px\" \/><\/figure>\n\n\n\n<p>3. i 4.<br><\/p>\n\n\n\n<figure class=\"wp-block-image size-full\"><img loading=\"lazy\" decoding=\"async\" width=\"473\" height=\"474\" src=\"https:\/\/www.dansigurnijeginterneta.org\/wp-content\/uploads\/2026\/02\/image-2.png\" alt=\"\" class=\"wp-image-721\" srcset=\"https:\/\/www.dansigurnijeginterneta.org\/wp-content\/uploads\/2026\/02\/image-2.png 473w, https:\/\/www.dansigurnijeginterneta.org\/wp-content\/uploads\/2026\/02\/image-2-300x300.png 300w, https:\/\/www.dansigurnijeginterneta.org\/wp-content\/uploads\/2026\/02\/image-2-150x150.png 150w\" sizes=\"auto, (max-width: 473px) 100vw, 473px\" \/><\/figure>\n\n\n\n<p>5., 6. i 7.<br><\/p>\n\n\n\n<figure class=\"wp-block-image size-full\"><img loading=\"lazy\" decoding=\"async\" width=\"360\" height=\"328\" src=\"https:\/\/www.dansigurnijeginterneta.org\/wp-content\/uploads\/2026\/02\/image-3.png\" alt=\"\" class=\"wp-image-722\" srcset=\"https:\/\/www.dansigurnijeginterneta.org\/wp-content\/uploads\/2026\/02\/image-3.png 360w, https:\/\/www.dansigurnijeginterneta.org\/wp-content\/uploads\/2026\/02\/image-3-300x273.png 300w\" sizes=\"auto, (max-width: 360px) 100vw, 360px\" \/><\/figure>\n\n\n\n<p>8. i 9.<br><\/p>\n\n\n\n<figure class=\"wp-block-image size-full\"><img loading=\"lazy\" decoding=\"async\" width=\"613\" height=\"450\" src=\"https:\/\/www.dansigurnijeginterneta.org\/wp-content\/uploads\/2026\/02\/image-4.png\" alt=\"\" class=\"wp-image-723\" srcset=\"https:\/\/www.dansigurnijeginterneta.org\/wp-content\/uploads\/2026\/02\/image-4.png 613w, https:\/\/www.dansigurnijeginterneta.org\/wp-content\/uploads\/2026\/02\/image-4-300x220.png 300w\" sizes=\"auto, (max-width: 613px) 100vw, 613px\" \/><\/figure>\n\n\n\n<p>10.<br><\/p>\n\n\n\n<figure class=\"wp-block-image size-full\"><img loading=\"lazy\" decoding=\"async\" width=\"695\" height=\"534\" src=\"https:\/\/www.dansigurnijeginterneta.org\/wp-content\/uploads\/2026\/02\/image-5.png\" alt=\"\" class=\"wp-image-724\" srcset=\"https:\/\/www.dansigurnijeginterneta.org\/wp-content\/uploads\/2026\/02\/image-5.png 695w, https:\/\/www.dansigurnijeginterneta.org\/wp-content\/uploads\/2026\/02\/image-5-300x231.png 300w\" sizes=\"auto, (max-width: 695px) 100vw, 695px\" \/><\/figure>\n\n\n\n<p><br><\/p>\n\n\n\n<figure class=\"wp-block-image size-large is-resized\"><img loading=\"lazy\" decoding=\"async\" width=\"1024\" height=\"396\" src=\"https:\/\/www.dansigurnijeginterneta.org\/wp-content\/uploads\/2024\/02\/White-shark-logo-01-1024x396.png\" alt=\"\" class=\"wp-image-543\" style=\"aspect-ratio:2.5859779180205043;width:700px;height:auto\" srcset=\"https:\/\/www.dansigurnijeginterneta.org\/wp-content\/uploads\/2024\/02\/White-shark-logo-01-1024x396.png 1024w, https:\/\/www.dansigurnijeginterneta.org\/wp-content\/uploads\/2024\/02\/White-shark-logo-01-300x116.png 300w, https:\/\/www.dansigurnijeginterneta.org\/wp-content\/uploads\/2024\/02\/White-shark-logo-01-768x297.png 768w, https:\/\/www.dansigurnijeginterneta.org\/wp-content\/uploads\/2024\/02\/White-shark-logo-01.png 1241w\" sizes=\"auto, (max-width: 1024px) 100vw, 1024px\" \/><\/figure>\n\n\n\n<p><\/p>\n\n\n\n<p><\/p>\n","protected":false},"excerpt":{"rendered":"<p>Za koga je online kviz? Na\u0161 online kviz o sigurnosti na internetu, kao jedna od aktivnosti Dana sigurnijeg interneta 2026, namijenjen je djeci i mladima u Hrvatskoj. Online kviz \u0107e biti dostupan na Dan sigurnijeg interneta, 10. velja\u010de 2026. godine od 9:00 sati. Kada mogu sudjelovati u online kvizu? 10. velja\u010de 2026. godine od 09:00 &#8230; <a title=\"Upute za sudjelovanje u online kvizu\" class=\"read-more\" href=\"https:\/\/www.dansigurnijeginterneta.org\/index.php\/upute-za-sudjelovanje-u-online-kvizu\/\">Read more<\/a><\/p>\n","protected":false},"author":1,"featured_media":682,"parent":0,"menu_order":0,"comment_status":"closed","ping_status":"closed","template":"","meta":{"footnotes":""},"class_list":["post-261","page","type-page","status-publish","has-post-thumbnail"],"_links":{"self":[{"href":"https:\/\/www.dansigurnijeginterneta.org\/index.php\/wp-json\/wp\/v2\/pages\/261","targetHints":{"allow":["GET"]}}],"collection":[{"href":"https:\/\/www.dansigurnijeginterneta.org\/index.php\/wp-json\/wp\/v2\/pages"}],"about":[{"href":"https:\/\/www.dansigurnijeginterneta.org\/index.php\/wp-json\/wp\/v2\/types\/page"}],"author":[{"embeddable":true,"href":"https:\/\/www.dansigurnijeginterneta.org\/index.php\/wp-json\/wp\/v2\/users\/1"}],"replies":[{"embeddable":true,"href":"https:\/\/www.dansigurnijeginterneta.org\/index.php\/wp-json\/wp\/v2\/comments?post=261"}],"version-history":[{"count":17,"href":"https:\/\/www.dansigurnijeginterneta.org\/index.php\/wp-json\/wp\/v2\/pages\/261\/revisions"}],"predecessor-version":[{"id":733,"href":"https:\/\/www.dansigurnijeginterneta.org\/index.php\/wp-json\/wp\/v2\/pages\/261\/revisions\/733"}],"wp:featuredmedia":[{"embeddable":true,"href":"https:\/\/www.dansigurnijeginterneta.org\/index.php\/wp-json\/wp\/v2\/media\/682"}],"wp:attachment":[{"href":"https:\/\/www.dansigurnijeginterneta.org\/index.php\/wp-json\/wp\/v2\/media?parent=261"}],"curies":[{"name":"wp","href":"https:\/\/api.w.org\/{rel}","templated":true}]}}